{"id":28977,"date":"2024-05-15T18:21:31","date_gmt":"2024-05-15T16:21:31","guid":{"rendered":"https:\/\/chroniques-biennale.org\/programmation\/public-space\/"},"modified":"2024-10-28T17:30:50","modified_gmt":"2024-10-28T16:30:50","slug":"public-space","status":"publish","type":"page","link":"https:\/\/chroniques-biennale.org\/en\/programmation\/public-space\/","title":{"rendered":"Public space"},"content":{"rendered":"\n<h1 class=\"wp-block-heading has-text-align-center topTitle blackBuble\">Public space<\/h1>\n\n<div class=\"wp-block-buttons is-style-bulles is-layout-flex wp-block-buttons-is-layout-flex\">\n<div class=\"wp-block-button\"><a class=\"wp-block-button__link wp-element-button\" href=\"#aix\">Aix-en-Provence<\/a><\/div>\n<\/div>\n\n<p>Initiated in 2022 and extended this year to new locations and neighborhoods, this itinerary brings together nine monumental, sound, light, interactive or participatory works.&#13;\nAn invitation to poetic and sensitive exploration, these installations will also mark the opening of individual and group exhibitions, most of which will be on view during the three months of the Biennial.<\/p>\n\n<p class=\"has-small-font-size\">Program presented as part of the Biennale d&#8217;Aix<\/p>\n\n<div class=\"wp-block-buttons is-layout-flex wp-block-buttons-is-layout-flex\">\n<div class=\"wp-block-button\"><a class=\"wp-block-button__link wp-element-button\" href=\"https:\/\/chroniques-biennale.org\/wp-content\/uploads\/2024\/10\/Inauguration-Aix-en-Provence.pdf\" target=\"_blank\" rel=\"noreferrer noopener\">Download the programme<\/a><\/div>\n\n\n\n<div class=\"wp-block-button\"><a class=\"wp-block-button__link wp-element-button\" href=\"https:\/\/www.google.com\/maps\/d\/edit?mid=1YTYTdNDjP7a1vSB1WhWJuj2f9f4eLQ0&amp;usp=sharing\" target=\"_blank\" rel=\"noreferrer noopener\">See the map<\/a><\/div>\n<\/div>\n\n<div style=\"height:47px\" aria-hidden=\"true\" class=\"wp-block-spacer\"><\/div>\n\n<section id=\"mars\" class=\"wp-block-group is-layout-flow wp-block-group-is-layout-flow\"><div class=\"eventsCarouselWrapper\"><div class=\" row\"><\/div><\/div>\n<\/section>\n\n<section id=\"aix\" class=\"wp-block-group is-layout-flow wp-block-group-is-layout-flow\">\n<div style=\"height:100px\" aria-hidden=\"true\" class=\"wp-block-spacer\"><\/div>\n\n\n\n<h3 class=\"wp-block-heading is-style-noMarginBottom is-style-bulle\">Aix-en-Provence&#13;\nFri. 8 Nov. 2024 &amp; Sat. 9 Nov. 2024&#13;\n7pm &gt; 11pm<\/h3>\n\n\n<div class=\"eventsCarouselWrapper\"><div class=\" row\"><div class=\"eventWrapper col-md-4\"><div class=\"postInList eventInList\">\n\n    \n\n\t<a class=\"postThumbnailLink\" href=\"https:\/\/chroniques-biennale.org\/en\/event\/diyauto-orchestra\/\"  >\n            <div class=\"postThumbnailWrapper\">\n                \n                                                                            <img data-src=\"https:\/\/chroniques-biennale.org\/wp-content\/uploads\/2024\/06\/DIYAUTO-COM-1-HD-scaled.jpg\" \n                     data-srcset=\"https:\/\/chroniques-biennale.org\/wp-content\/uploads\/2024\/06\/DIYAUTO-COM-1-HD-scaled.jpg 360w, https:\/\/chroniques-biennale.org\/wp-content\/uploads\/2024\/06\/DIYAUTO-COM-1-HD-scaled.jpg 960w, https:\/\/chroniques-biennale.org\/wp-content\/uploads\/2024\/06\/DIYAUTO-COM-1-HD-scaled.jpg 1920w\" \n                                          width=\"1920\" \n                     height=\"320\" \n                     alt=\"\" \n                     class=\"lazyload\" \/>\n                \n                         <\/div>\n            \n\n            <div class=\"eventInListInfosWrapper\">\n                <div class=\"eventInfosTop\">\n                    <h4 class=\"postTitle is-style-bulle\"><!--<sup>Sculptures-instruments - Chapelle des Andrettes <\/sup>-->DIYAUTO ORCHESTRA<\/h4>\n                    <p class=\"eventSubTitle is-style-bulle\">Simon Lazarus 84, S8jfou, Clara Rigaud<\/p>                    <!--<h5 class=\"eventDate\">du 8 au 9 novembre 2024<\/h5>-->\n                                    <\/div>\n                <div class=\"eventInfosBottom\">\n                                        <span class=\"eventType\">Sculptures-instruments - Chapelle des Andrettes<\/span>\n                <\/div>\n            <\/div>\n            \n        <\/a>\n        \n<\/div><!-- postInList -->\n<\/div><div class=\"eventWrapper col-md-4\"><div class=\"postInList eventInList\">\n\n    \n\n\t<a class=\"postThumbnailLink\" href=\"https:\/\/chroniques-biennale.org\/en\/event\/lux-domus\/\"  >\n            <div class=\"postThumbnailWrapper\">\n                \n                                                                            <img data-src=\"https:\/\/chroniques-biennale.org\/wp-content\/uploads\/2024\/06\/LLUMBCN-20240201-0036-scaled.jpg\" \n                     data-srcset=\"https:\/\/chroniques-biennale.org\/wp-content\/uploads\/2024\/06\/LLUMBCN-20240201-0036-scaled.jpg 360w, https:\/\/chroniques-biennale.org\/wp-content\/uploads\/2024\/06\/LLUMBCN-20240201-0036-scaled.jpg 960w, https:\/\/chroniques-biennale.org\/wp-content\/uploads\/2024\/06\/LLUMBCN-20240201-0036-scaled.jpg 1920w\" \n                                          width=\"1920\" \n                     height=\"320\" \n                     alt=\"\" \n                     class=\"lazyload\" \/>\n                \n                         <\/div>\n            \n\n            <div class=\"eventInListInfosWrapper\">\n                <div class=\"eventInfosTop\">\n                    <h4 class=\"postTitle is-style-bulle\"><!--<sup>Architecture of light - Amphith\u00e9\u00e2tre de la Manufacture <\/sup>-->Lux domus<\/h4>\n                    <p class=\"eventSubTitle is-style-bulle\">Josep Poblet<\/p>                    <!--<h5 class=\"eventDate\">du 8 au 9 novembre 2024<\/h5>-->\n                                    <\/div>\n                <div class=\"eventInfosBottom\">\n                                        <span class=\"eventType\">Architecture of light - Amphith\u00e9\u00e2tre de la Manufacture<\/span>\n                <\/div>\n            <\/div>\n            \n        <\/a>\n        \n<\/div><!-- postInList -->\n<\/div><div class=\"eventWrapper col-md-4\"><div class=\"postInList eventInList\">\n\n    \n\n\t<a class=\"postThumbnailLink\" href=\"https:\/\/chroniques-biennale.org\/en\/event\/scenes-de-ville\/\"  >\n            <div class=\"postThumbnailWrapper\">\n                \n                                                                            <img data-src=\"https:\/\/chroniques-biennale.org\/wp-content\/uploads\/2024\/06\/VISUEL-OEUVRE.png\" \n                     data-srcset=\"https:\/\/chroniques-biennale.org\/wp-content\/uploads\/2024\/06\/VISUEL-OEUVRE.png 360w, https:\/\/chroniques-biennale.org\/wp-content\/uploads\/2024\/06\/VISUEL-OEUVRE.png 960w, https:\/\/chroniques-biennale.org\/wp-content\/uploads\/2024\/06\/VISUEL-OEUVRE.png 1920w\" \n                                          width=\"1920\" \n                     height=\"320\" \n                     alt=\"\" \n                     class=\"lazyload\" \/>\n                \n                         <\/div>\n            \n\n            <div class=\"eventInListInfosWrapper\">\n                <div class=\"eventInfosTop\">\n                    <h4 class=\"postTitle is-style-bulle\"><!--<sup>Video Mapping - Place d'Albertas <\/sup>-->Sc\u00e8nes de Ville<\/h4>\n                    <p class=\"eventSubTitle is-style-bulle\">Julia Lema Barros<\/p>                    <!--<h5 class=\"eventDate\">November 8 to 9, 2024<\/h5>-->\n                                    <\/div>\n                <div class=\"eventInfosBottom\">\n                                        <span class=\"eventType\">Video Mapping - Place d'Albertas<\/span>\n                <\/div>\n            <\/div>\n            \n        <\/a>\n        \n<\/div><!-- postInList -->\n<\/div><div class=\"eventWrapper col-md-4\"><div class=\"postInList eventInList\">\n\n    \n\n\t<a class=\"postThumbnailLink\" href=\"https:\/\/chroniques-biennale.org\/en\/event\/ecrin\/\"  >\n            <div class=\"postThumbnailWrapper\">\n                \n                                                                            <img data-src=\"https:\/\/chroniques-biennale.org\/wp-content\/uploads\/2024\/07\/FAate-des-LumiA\u00a8res-2023_Place-des-Jacobins-08_12_2023-HD-A\u00a9BriceROBERT-03.jpg\" \n                     data-srcset=\"https:\/\/chroniques-biennale.org\/wp-content\/uploads\/2024\/07\/FAate-des-LumiA\u00a8res-2023_Place-des-Jacobins-08_12_2023-HD-A\u00a9BriceROBERT-03.jpg 360w, https:\/\/chroniques-biennale.org\/wp-content\/uploads\/2024\/07\/FAate-des-LumiA\u00a8res-2023_Place-des-Jacobins-08_12_2023-HD-A\u00a9BriceROBERT-03.jpg 960w, https:\/\/chroniques-biennale.org\/wp-content\/uploads\/2024\/07\/FAate-des-LumiA\u00a8res-2023_Place-des-Jacobins-08_12_2023-HD-A\u00a9BriceROBERT-03.jpg 1920w\" \n                                          width=\"1920\" \n                     height=\"320\" \n                     alt=\"\" \n                     class=\"lazyload\" \/>\n                \n                         <\/div>\n            \n\n            <div class=\"eventInListInfosWrapper\">\n                <div class=\"eventInfosTop\">\n                    <h4 class=\"postTitle is-style-bulle\"><!--<sup>In-situ laser system - Fontaine de la Rotonde <\/sup>-->Ecrin<\/h4>\n                    <p class=\"eventSubTitle is-style-bulle\">1024 Architecture<\/p>                    <!--<h5 class=\"eventDate\">November 8 to 9, 2024<\/h5>-->\n                                    <\/div>\n                <div class=\"eventInfosBottom\">\n                                        <span class=\"eventType\">In-situ laser system - Fontaine de la Rotonde<\/span>\n                <\/div>\n            <\/div>\n            \n        <\/a>\n        \n<\/div><!-- postInList -->\n<\/div><div class=\"eventWrapper col-md-4\"><div class=\"postInList eventInList\">\n\n    \n\n\t<a class=\"postThumbnailLink\" href=\"https:\/\/chroniques-biennale.org\/en\/event\/asterismes\/\"  >\n            <div class=\"postThumbnailWrapper\">\n                \n                                                                            <img data-src=\"https:\/\/chroniques-biennale.org\/wp-content\/uploads\/2024\/06\/asterismes-install-1.jpeg\" \n                     data-srcset=\"https:\/\/chroniques-biennale.org\/wp-content\/uploads\/2024\/06\/asterismes-install-1.jpeg 360w, https:\/\/chroniques-biennale.org\/wp-content\/uploads\/2024\/06\/asterismes-install-1.jpeg 960w, https:\/\/chroniques-biennale.org\/wp-content\/uploads\/2024\/06\/asterismes-install-1.jpeg 1920w\" \n                                          width=\"1920\" \n                     height=\"320\" \n                     alt=\"\" \n                     class=\"lazyload\" \/>\n                \n                         <\/div>\n            \n\n            <div class=\"eventInListInfosWrapper\">\n                <div class=\"eventInfosTop\">\n                    <h4 class=\"postTitle is-style-bulle\"><!--<sup>Participatory sound installation - Jardin Villa Sacem <\/sup>-->Ast\u00e9rismes<\/h4>\n                    <p class=\"eventSubTitle is-style-bulle\">Aki Ito, Jean-Philippe Lambert<\/p>                    <!--<h5 class=\"eventDate\">du 8 au 9 novembre 2024<\/h5>-->\n                                    <\/div>\n                <div class=\"eventInfosBottom\">\n                                        <span class=\"eventType\">Participatory sound installation - Jardin Villa Sacem<\/span>\n                <\/div>\n            <\/div>\n            \n        <\/a>\n        \n<\/div><!-- postInList -->\n<\/div><div class=\"eventWrapper col-md-4\"><div class=\"postInList eventInList\">\n\n    \n\n\t<a class=\"postThumbnailLink\" href=\"https:\/\/chroniques-biennale.org\/en\/event\/parallels\/\"  >\n            <div class=\"postThumbnailWrapper\">\n                \n                                                                            <img data-src=\"https:\/\/chroniques-biennale.org\/wp-content\/uploads\/2024\/07\/Parallels-_Image-02_ASC.jpg\" \n                     data-srcset=\"https:\/\/chroniques-biennale.org\/wp-content\/uploads\/2024\/07\/Parallels-_Image-02_ASC.jpg 360w, https:\/\/chroniques-biennale.org\/wp-content\/uploads\/2024\/07\/Parallels-_Image-02_ASC.jpg 960w, https:\/\/chroniques-biennale.org\/wp-content\/uploads\/2024\/07\/Parallels-_Image-02_ASC.jpg 1920w\" \n                                          width=\"1920\" \n                     height=\"320\" \n                     alt=\"\" \n                     class=\"lazyload\" \/>\n                \n                         <\/div>\n            \n\n            <div class=\"eventInListInfosWrapper\">\n                <div class=\"eventInfosTop\">\n                    <h4 class=\"postTitle is-style-bulle\"><!--<sup>Choreography of thousands of laser beams - Cours Mirabeau <\/sup>-->Parallels<\/h4>\n                    <p class=\"eventSubTitle is-style-bulle\">Architecture Social Club<\/p>                    <!--<h5 class=\"eventDate\">November 8 to 9, 2024<\/h5>-->\n                                    <\/div>\n                <div class=\"eventInfosBottom\">\n                                        <span class=\"eventType\">Choreography of thousands of laser beams - Cours Mirabeau<\/span>\n                <\/div>\n            <\/div>\n            \n        <\/a>\n        \n<\/div><!-- postInList -->\n<\/div><div class=\"eventWrapper col-md-4\"><div class=\"postInList eventInList\">\n\n    \n\n\t<a class=\"postThumbnailLink\" href=\"https:\/\/chroniques-biennale.org\/en\/event\/epique\/\"  >\n            <div class=\"postThumbnailWrapper\">\n                \n                                                                            <img data-src=\"https:\/\/chroniques-biennale.org\/wp-content\/uploads\/2024\/07\/EPX_R1_A_01.jpg\" \n                     data-srcset=\"https:\/\/chroniques-biennale.org\/wp-content\/uploads\/2024\/07\/EPX_R1_A_01.jpg 360w, https:\/\/chroniques-biennale.org\/wp-content\/uploads\/2024\/07\/EPX_R1_A_01.jpg 960w, https:\/\/chroniques-biennale.org\/wp-content\/uploads\/2024\/07\/EPX_R1_A_01.jpg 1920w\" \n                                          width=\"1920\" \n                     height=\"320\" \n                     alt=\"\" \n                     class=\"lazyload\" \/>\n                \n                         <\/div>\n            \n\n            <div class=\"eventInListInfosWrapper\">\n                <div class=\"eventInfosTop\">\n                    <h4 class=\"postTitle is-style-bulle\"><!--<sup>Individual exhibition - Th\u00e9\u00e2tre de l'Achev\u00each\u00e9 <\/sup>-->EPIQUE<\/h4>\n                    <p class=\"eventSubTitle is-style-bulle\">Maximilian Oprishka<\/p>                    <!--<h5 class=\"eventDate\">from November 8 to December 14, 2024<\/h5>-->\n                                    <\/div>\n                <div class=\"eventInfosBottom\">\n                                        <span class=\"eventType\">Individual exhibition - Th\u00e9\u00e2tre de l'Achev\u00each\u00e9<\/span>\n                <\/div>\n            <\/div>\n            \n        <\/a>\n        \n<\/div><!-- postInList -->\n<\/div><div class=\"eventWrapper col-md-4\"><div class=\"postInList eventInList\">\n\n    \n\n\t<a class=\"postThumbnailLink\" href=\"https:\/\/chroniques-biennale.org\/en\/event\/firefly-field\/\"  >\n            <div class=\"postThumbnailWrapper\">\n                \n                                                                            <img data-src=\"https:\/\/chroniques-biennale.org\/wp-content\/uploads\/2024\/07\/Firefly-field-toer-vivid-29-scaled.jpg\" \n                     data-srcset=\"https:\/\/chroniques-biennale.org\/wp-content\/uploads\/2024\/07\/Firefly-field-toer-vivid-29-scaled.jpg 360w, https:\/\/chroniques-biennale.org\/wp-content\/uploads\/2024\/07\/Firefly-field-toer-vivid-29-scaled.jpg 960w, https:\/\/chroniques-biennale.org\/wp-content\/uploads\/2024\/07\/Firefly-field-toer-vivid-29-scaled.jpg 1920w\" \n                                          width=\"1920\" \n                     height=\"320\" \n                     alt=\"\" \n                     class=\"lazyload\" \/>\n                \n                         <\/div>\n            \n\n            <div class=\"eventInListInfosWrapper\">\n                <div class=\"eventInfosTop\">\n                    <h4 class=\"postTitle is-style-bulle\"><!--<sup>Lighting installation <\/sup>-->Firefly field<\/h4>\n                    <p class=\"eventSubTitle is-style-bulle\">Jardin du Pavillon de Vend\u00f4me<\/p>                    <!--<h5 class=\"eventDate\">nov. 8 and 9, 2024<\/h5>-->\n                                    <\/div>\n                <div class=\"eventInfosBottom\">\n                                        <span class=\"eventType\">Lighting installation<\/span>\n                <\/div>\n            <\/div>\n            \n        <\/a>\n        \n<\/div><!-- postInList -->\n<\/div><div class=\"eventWrapper col-md-4\"><div class=\"postInList eventInList\">\n\n    \n\n\t<a class=\"postThumbnailLink\" href=\"https:\/\/chroniques-biennale.org\/en\/event\/faces\/\"  >\n            <div class=\"postThumbnailWrapper\">\n                \n                                                                            <img data-src=\"https:\/\/chroniques-biennale.org\/wp-content\/uploads\/2024\/07\/FACES_by-Iregular_1-scaled.jpg\" \n                     data-srcset=\"https:\/\/chroniques-biennale.org\/wp-content\/uploads\/2024\/07\/FACES_by-Iregular_1-scaled.jpg 360w, https:\/\/chroniques-biennale.org\/wp-content\/uploads\/2024\/07\/FACES_by-Iregular_1-scaled.jpg 960w, https:\/\/chroniques-biennale.org\/wp-content\/uploads\/2024\/07\/FACES_by-Iregular_1-scaled.jpg 1920w\" \n                                          width=\"1920\" \n                     height=\"320\" \n                     alt=\"\" \n                     class=\"lazyload\" \/>\n                \n                         <\/div>\n            \n\n            <div class=\"eventInListInfosWrapper\">\n                <div class=\"eventInfosTop\">\n                    <h4 class=\"postTitle is-style-bulle\"><!--<sup>Interactive portraits - Place des Pr\u00eacheurs <\/sup>-->Faces<\/h4>\n                    <p class=\"eventSubTitle is-style-bulle\">Iregular<\/p>                    <!--<h5 class=\"eventDate\">les 8 et 9 nov. 2024<\/h5>-->\n                                    <\/div>\n                <div class=\"eventInfosBottom\">\n                                        <span class=\"eventType\">Interactive portraits - Place des Pr\u00eacheurs<\/span>\n                <\/div>\n            <\/div>\n            \n        <\/a>\n        \n<\/div><!-- postInList -->\n<\/div><\/div><\/div>\n<\/section>\n\n<section id=\"avignon\" class=\"wp-block-group is-layout-flow wp-block-group-is-layout-flow\">\n<hr class=\"wp-block-separator has-text-color has-newyellow-color has-alpha-channel-opacity has-newyellow-background-color has-background is-style-wide\"\/>\n\n\n\n<div style=\"height:100px\" aria-hidden=\"true\" class=\"wp-block-spacer\"><\/div>\n\n\n<div class=\"eventsCarouselWrapper\"><div class=\" row\"><\/div><\/div>\n\n\n\n<div style=\"height:40px\" aria-hidden=\"true\" class=\"wp-block-spacer\"><\/div>\n\n\n\n<iframe loading=\"lazy\" src=\"https:\/\/www.google.com\/maps\/d\/embed?mid=1YTYTdNDjP7a1vSB1WhWJuj2f9f4eLQ0&#038;ehbc=2E312F\" width=\"640\" height=\"480\"><\/iframe>\r\n<\/section>\n","protected":false},"excerpt":{"rendered":"<p>Public space Initiated in 2022 and extended this year to new locations and neighborhoods, this itinerary brings together nine monumental, [&hellip;]<\/p>\n","protected":false},"author":1,"featured_media":26346,"parent":1646,"menu_order":3,"comment_status":"closed","ping_status":"closed","template":"","meta":{"footnotes":""},"class_list":["post-28977","page","type-page","status-publish","has-post-thumbnail","hentry","entry"],"_links":{"self":[{"href":"https:\/\/chroniques-biennale.org\/en\/wp-json\/wp\/v2\/pages\/28977","targetHints":{"allow":["GET"]}}],"collection":[{"href":"https:\/\/chroniques-biennale.org\/en\/wp-json\/wp\/v2\/pages"}],"about":[{"href":"https:\/\/chroniques-biennale.org\/en\/wp-json\/wp\/v2\/types\/page"}],"author":[{"embeddable":true,"href":"https:\/\/chroniques-biennale.org\/en\/wp-json\/wp\/v2\/users\/1"}],"replies":[{"embeddable":true,"href":"https:\/\/chroniques-biennale.org\/en\/wp-json\/wp\/v2\/comments?post=28977"}],"version-history":[{"count":5,"href":"https:\/\/chroniques-biennale.org\/en\/wp-json\/wp\/v2\/pages\/28977\/revisions"}],"predecessor-version":[{"id":30204,"href":"https:\/\/chroniques-biennale.org\/en\/wp-json\/wp\/v2\/pages\/28977\/revisions\/30204"}],"up":[{"embeddable":true,"href":"https:\/\/chroniques-biennale.org\/en\/wp-json\/wp\/v2\/pages\/1646"}],"wp:featuredmedia":[{"embeddable":true,"href":"https:\/\/chroniques-biennale.org\/en\/wp-json\/wp\/v2\/media\/26346"}],"wp:attachment":[{"href":"https:\/\/chroniques-biennale.org\/en\/wp-json\/wp\/v2\/media?parent=28977"}],"curies":[{"name":"wp","href":"https:\/\/api.w.org\/{rel}","templated":true}]}}