{"id":28990,"date":"2022-09-05T16:47:22","date_gmt":"2022-09-05T14:47:22","guid":{"rendered":"https:\/\/chroniques-biennale.org\/programmation\/the-highlights\/closing-week\/"},"modified":"2024-09-17T16:20:37","modified_gmt":"2024-09-17T14:20:37","slug":"closing-week","status":"publish","type":"page","link":"https:\/\/chroniques-biennale.org\/en\/programmation\/the-highlights\/closing-week\/","title":{"rendered":"Closing week"},"content":{"rendered":"\n<div class=\"wp-block-group alignfull topSection has-newyellow-background-color has-background is-layout-flow wp-block-group-is-layout-flow\">\n<h1 class=\"wp-block-heading has-text-align-center topTitle\">Closing week<\/h1>\n\n\n\n<div class=\"wp-block-buttons is-style-bulles is-content-justification-center is-layout-flex wp-container-core-buttons-is-layout-a89b3969 wp-block-buttons-is-layout-flex\">\n<div class=\"wp-block-button\"><a class=\"wp-block-button__link wp-element-button\" href=\"#istres\"><p>Istres<br>14.01.25<\/p><\/a><\/div>\n\n\n\n<div class=\"wp-block-button\"><a class=\"wp-block-button__link wp-element-button\" href=\"#mars\"><p>Marseille<br>15 and 16.01.25<\/p><\/a><\/div>\n\n\n\n<div class=\"wp-block-button\"><a class=\"wp-block-button__link wp-element-button\" href=\"#aix\"><p>Aix-en-Provence<br>17 and 18.01.25<\/p><\/a><\/div>\n<\/div>\n\n\n\n<p class=\"has-text-align-center is-style-noMarginBottom\">The Biennial&#8217;s Closing Nights are dedicated to live performance, offering an opportunity to discover creations where the digital arts meet other artistic disciplines such as dance, sound art and music. With immersive shows, virtual reality installations, sound and visual experiences and performances, the closing night of the Biennial raises questions about new contemporary writing.<\/p>\n<\/div>\n\n\n\n<div class=\"wp-block-group alignfull has-violet-background-color has-background is-layout-flow wp-block-group-is-layout-flow\" id=\"istres\">\n<h3 class=\"wp-block-heading is-style-edge blackEdge\"><p><strong>Istres<\/strong><\/p><\/h3>\n\n\n\n<p><a href=\"https:\/\/chroniques-biennale.org\/agenda\/?from=2025-01-14&amp;type=&amp;ville=\">January 14, 2025<\/a><\/p>\n\n\n<div class=\"eventsCarouselWrapper\"><div class=\" row\"><div class=\"eventWrapper col-md-4\"><div class=\"postInList eventInList\">\n\n    \n\n\t<a class=\"postThumbnailLink\" href=\"https:\/\/chroniques-biennale.org\/en\/event\/mire\/\"  >\n            <div class=\"postThumbnailWrapper\">\n                \n                                                                            <img data-src=\"https:\/\/chroniques-biennale.org\/wp-content\/uploads\/2024\/07\/PS_MIRE_\u00a9-Celine-Michel_01.jpg\" \n                     data-srcset=\"https:\/\/chroniques-biennale.org\/wp-content\/uploads\/2024\/07\/PS_MIRE_\u00a9-Celine-Michel_01.jpg 360w, https:\/\/chroniques-biennale.org\/wp-content\/uploads\/2024\/07\/PS_MIRE_\u00a9-Celine-Michel_01.jpg 960w, https:\/\/chroniques-biennale.org\/wp-content\/uploads\/2024\/07\/PS_MIRE_\u00a9-Celine-Michel_01.jpg 1920w\" \n                                          width=\"1920\" \n                     height=\"320\" \n                     alt=\"\" \n                     class=\"lazyload\" \/>\n                \n                         <\/div>\n            \n\n            <div class=\"eventInListInfosWrapper\">\n                <div class=\"eventInfosTop\">\n                    <h4 class=\"postTitle is-style-bulle\"><!--<sup>Choreographic installation - Th\u00e9\u00e2tre de l'Olivier \u00e0 L'Usine <\/sup>-->MIRE<\/h4>\n                    <p class=\"eventSubTitle is-style-bulle\">Jasmine Morand<\/p>                    <!--<h5 class=\"eventDate\">14 janvier 2025<\/h5>-->\n                                    <\/div>\n                <div class=\"eventInfosBottom\">\n                                        <span class=\"eventType\">Choreographic installation - Th\u00e9\u00e2tre de l'Olivier \u00e0 L'Usine<\/span>\n                <\/div>\n            <\/div>\n            \n        <\/a>\n        \n<\/div><!-- postInList -->\n<\/div><\/div><\/div>\n<\/div>\n\n\n\n<div class=\"wp-block-group alignfull has-darker-color has-green-background-color has-text-color has-background has-link-color wp-elements-95c9b93aa6fa8b5c80fd2825db6e9196 is-layout-flow wp-block-group-is-layout-flow\" id=\"mars\">\n<h3 class=\"wp-block-heading is-style-edge blackEdge\"><p><strong>MARSEILLE<\/strong><\/p><\/h3>\n\n\n\n<p><a href=\"\u201chttps:\/\/chroniques-biennale.org\/agenda\/?from=2025-01-16&amp;type=&amp;ville=\u201d\">January 16 to 19, 2025<\/a><\/p>\n\n\n<div class=\"eventsCarouselWrapper\"><div class=\" row\"><div class=\"eventWrapper col-md-4\"><div class=\"postInList eventInList\">\n\n    \n\n\t<a class=\"postThumbnailLink\" href=\"https:\/\/chroniques-biennale.org\/en\/event\/collectif-nyege-nyege\/\"  >\n            <div class=\"postThumbnailWrapper\">\n                \n                                                                            <img data-src=\"https:\/\/chroniques-biennale.org\/wp-content\/uploads\/2024\/07\/Capture-decran-2024-07-22-a-12.21.43.png\" \n                     data-srcset=\"https:\/\/chroniques-biennale.org\/wp-content\/uploads\/2024\/07\/Capture-decran-2024-07-22-a-12.21.43.png 360w, https:\/\/chroniques-biennale.org\/wp-content\/uploads\/2024\/07\/Capture-decran-2024-07-22-a-12.21.43.png 960w, https:\/\/chroniques-biennale.org\/wp-content\/uploads\/2024\/07\/Capture-decran-2024-07-22-a-12.21.43.png 1920w\" \n                                          width=\"1920\" \n                     height=\"320\" \n                     alt=\"\" \n                     class=\"lazyload\" \/>\n                \n                         <\/div>\n            \n\n            <div class=\"eventInListInfosWrapper\">\n                <div class=\"eventInfosTop\">\n                    <h4 class=\"postTitle is-style-bulle\"><!--<sup>Live & DJ set - Espace Julien <\/sup>-->Collectif Nyege Nyege<\/h4>\n                                        <!--<h5 class=\"eventDate\">Thu. Jan. 16, 2025<\/h5>-->\n                                    <\/div>\n                <div class=\"eventInfosBottom\">\n                                        <span class=\"eventType\">Live & DJ set - Espace Julien<\/span>\n                <\/div>\n            <\/div>\n            \n        <\/a>\n        \n<\/div><!-- postInList -->\n<\/div><div class=\"eventWrapper col-md-4\"><div class=\"postInList eventInList\">\n\n    \n\n\t<a class=\"postThumbnailLink\" href=\"https:\/\/chroniques-biennale.org\/en\/event\/disco-funeral\/\"  >\n            <div class=\"postThumbnailWrapper\">\n                \n                                                                            <img data-src=\"https:\/\/chroniques-biennale.org\/wp-content\/uploads\/2024\/06\/1_VISUEL-DISCO-FUNERAL-HQ-scaled.jpg\" \n                     data-srcset=\"https:\/\/chroniques-biennale.org\/wp-content\/uploads\/2024\/06\/1_VISUEL-DISCO-FUNERAL-HQ-scaled.jpg 360w, https:\/\/chroniques-biennale.org\/wp-content\/uploads\/2024\/06\/1_VISUEL-DISCO-FUNERAL-HQ-scaled.jpg 960w, https:\/\/chroniques-biennale.org\/wp-content\/uploads\/2024\/06\/1_VISUEL-DISCO-FUNERAL-HQ-scaled.jpg 1920w\" \n                                          width=\"1920\" \n                     height=\"320\" \n                     alt=\"\" \n                     class=\"lazyload\" \/>\n                \n                         <\/div>\n            \n\n            <div class=\"eventInListInfosWrapper\">\n                <div class=\"eventInfosTop\">\n                    <h4 class=\"postTitle is-style-bulle\"><!--<sup>Transdisciplinary project, performance and virtual reality - Salle Seita <\/sup>-->DISCO FUNERAL<\/h4>\n                    <p class=\"eventSubTitle is-style-bulle\">Studio Martyr<\/p>                    <!--<h5 class=\"eventDate\">ven. 17 janv. 2025<\/h5>-->\n                                    <\/div>\n                <div class=\"eventInfosBottom\">\n                                        <span class=\"eventType\">Transdisciplinary project, performance and virtual reality - Salle Seita<\/span>\n                <\/div>\n            <\/div>\n            \n        <\/a>\n        \n<\/div><!-- postInList -->\n<\/div><div class=\"eventWrapper col-md-4\"><div class=\"postInList eventInList\">\n\n    \n\n\t<a class=\"postThumbnailLink\" href=\"https:\/\/chroniques-biennale.org\/en\/event\/another-deep\/\"  >\n            <div class=\"postThumbnailWrapper\">\n                \n                                                                            <img data-src=\"https:\/\/chroniques-biennale.org\/wp-content\/uploads\/2024\/07\/PHOTO-OEUVRE.jpg\" \n                     data-srcset=\"https:\/\/chroniques-biennale.org\/wp-content\/uploads\/2024\/07\/PHOTO-OEUVRE.jpg 360w, https:\/\/chroniques-biennale.org\/wp-content\/uploads\/2024\/07\/PHOTO-OEUVRE.jpg 960w, https:\/\/chroniques-biennale.org\/wp-content\/uploads\/2024\/07\/PHOTO-OEUVRE.jpg 1920w\" \n                                          width=\"1920\" \n                     height=\"320\" \n                     alt=\"\" \n                     class=\"lazyload\" \/>\n                \n                         <\/div>\n            \n\n            <div class=\"eventInListInfosWrapper\">\n                <div class=\"eventInfosTop\">\n                    <h4 class=\"postTitle is-style-bulle\"><!--<sup>Performative installation - GMEM Module <\/sup>-->Another Deep<\/h4>\n                    <p class=\"eventSubTitle is-style-bulle\">S\u00e9bastien Robert, Mark IJzerman<\/p>                    <!--<h5 class=\"eventDate\">ven. 17 janv. 2025<\/h5>-->\n                                    <\/div>\n                <div class=\"eventInfosBottom\">\n                                        <span class=\"eventType\">Performative installation - GMEM Module<\/span>\n                <\/div>\n            <\/div>\n            \n        <\/a>\n        \n<\/div><!-- postInList -->\n<\/div><div class=\"eventWrapper col-md-4\"><div class=\"postInList eventInList\">\n\n    \n\n\t<a class=\"postThumbnailLink\" href=\"https:\/\/chroniques-biennale.org\/en\/event\/pas-de-deux\/\"  >\n            <div class=\"postThumbnailWrapper\">\n                \n                                                                            <img data-src=\"https:\/\/chroniques-biennale.org\/wp-content\/uploads\/2024\/07\/pas-de-deux-1-credit-d-alisauskas.jpg\" \n                     data-srcset=\"https:\/\/chroniques-biennale.org\/wp-content\/uploads\/2024\/07\/pas-de-deux-1-credit-d-alisauskas.jpg 360w, https:\/\/chroniques-biennale.org\/wp-content\/uploads\/2024\/07\/pas-de-deux-1-credit-d-alisauskas.jpg 960w, https:\/\/chroniques-biennale.org\/wp-content\/uploads\/2024\/07\/pas-de-deux-1-credit-d-alisauskas.jpg 1920w\" \n                                          width=\"1920\" \n                     height=\"320\" \n                     alt=\"\" \n                     class=\"lazyload\" \/>\n                \n                         <\/div>\n            \n\n            <div class=\"eventInListInfosWrapper\">\n                <div class=\"eventInfosTop\">\n                    <h4 class=\"postTitle is-style-bulle\"><!--<sup>Dance <\/sup>-->Pas de deux<\/h4>\n                    <p class=\"eventSubTitle is-style-bulle\">Anna-Marija Adomaityte \u00b7 Compagnie A M A<\/p>                    <!--<h5 class=\"eventDate\">Fri. Jan. 17, 2025<\/h5>-->\n                                    <\/div>\n                <div class=\"eventInfosBottom\">\n                                        <span class=\"eventType\">Dance<\/span>\n                <\/div>\n            <\/div>\n            \n        <\/a>\n        \n<\/div><!-- postInList -->\n<\/div><div class=\"eventWrapper col-md-4\"><div class=\"postInList eventInList\">\n\n    \n\n\t<a class=\"postThumbnailLink\" href=\"https:\/\/chroniques-biennale.org\/en\/event\/je-suis-une-montagne\/\"  >\n            <div class=\"postThumbnailWrapper\">\n                \n                                                                            <img data-src=\"https:\/\/chroniques-biennale.org\/wp-content\/uploads\/2024\/07\/pexels-eberhardgross-2098428-scaled.jpg\" \n                     data-srcset=\"https:\/\/chroniques-biennale.org\/wp-content\/uploads\/2024\/07\/pexels-eberhardgross-2098428-scaled.jpg 360w, https:\/\/chroniques-biennale.org\/wp-content\/uploads\/2024\/07\/pexels-eberhardgross-2098428-scaled.jpg 960w, https:\/\/chroniques-biennale.org\/wp-content\/uploads\/2024\/07\/pexels-eberhardgross-2098428-scaled.jpg 1920w\" \n                                          width=\"1920\" \n                     height=\"320\" \n                     alt=\"\" \n                     class=\"lazyload\" \/>\n                \n                         <\/div>\n            \n\n            <div class=\"eventInListInfosWrapper\">\n                <div class=\"eventInfosTop\">\n                    <h4 class=\"postTitle is-style-bulle\"><!--<sup>Show - Grand Plateau <\/sup>-->Je suis une montagne<\/h4>\n                    <p class=\"eventSubTitle is-style-bulle\">Eric Arnal-Burtschy<\/p>                    <!--<h5 class=\"eventDate\">Fri. Jan. 17, 2025<\/h5>-->\n                                    <\/div>\n                <div class=\"eventInfosBottom\">\n                                        <span class=\"eventType\">Show - Grand Plateau<\/span>\n                <\/div>\n            <\/div>\n            \n        <\/a>\n        \n<\/div><!-- postInList -->\n<\/div><div class=\"eventWrapper col-md-4\"><div class=\"postInList eventInList\">\n\n    \n\n\t<a class=\"postThumbnailLink\" href=\"https:\/\/chroniques-biennale.org\/en\/event\/la-tisseuse-dhistoires\/\"  >\n            <div class=\"postThumbnailWrapper\">\n                \n                                                                            <img data-src=\"https:\/\/chroniques-biennale.org\/wp-content\/uploads\/2024\/07\/RectoVRso_3825-hd-scaled.jpg\" \n                     data-srcset=\"https:\/\/chroniques-biennale.org\/wp-content\/uploads\/2024\/07\/RectoVRso_3825-hd-scaled.jpg 360w, https:\/\/chroniques-biennale.org\/wp-content\/uploads\/2024\/07\/RectoVRso_3825-hd-scaled.jpg 960w, https:\/\/chroniques-biennale.org\/wp-content\/uploads\/2024\/07\/RectoVRso_3825-hd-scaled.jpg 1920w\" \n                                          width=\"1920\" \n                     height=\"320\" \n                     alt=\"\" \n                     class=\"lazyload\" \/>\n                \n                         <\/div>\n            \n\n            <div class=\"eventInListInfosWrapper\">\n                <div class=\"eventInfosTop\">\n                    <h4 class=\"postTitle is-style-bulle\"><!--<sup>Installation and VR show - Petit Plateau <\/sup>-->La Tisseuse d\u2019Histoires<\/h4>\n                    <p class=\"eventSubTitle is-style-bulle\">Hypnoscope<\/p>                    <!--<h5 class=\"eventDate\">Sat. 18 and Sun. 19 Jan. 2025<\/h5>-->\n                                    <\/div>\n                <div class=\"eventInfosBottom\">\n                                        <span class=\"eventType\">Installation and VR show - Petit Plateau<\/span>\n                <\/div>\n            <\/div>\n            \n        <\/a>\n        \n<\/div><!-- postInList -->\n<\/div><div class=\"eventWrapper col-md-4\"><div class=\"postInList eventInList\">\n\n    \n\n\t<a class=\"postThumbnailLink\" href=\"https:\/\/chroniques-biennale.org\/en\/event\/la-meme-chose-mais-pas-tout-a-fait-pareille\/\"  >\n            <div class=\"postThumbnailWrapper\">\n                \n                                                                            <img data-src=\"https:\/\/chroniques-biennale.org\/wp-content\/uploads\/2024\/07\/Anne-Sophie-Turion-1.png\" \n                     data-srcset=\"https:\/\/chroniques-biennale.org\/wp-content\/uploads\/2024\/07\/Anne-Sophie-Turion-1.png 360w, https:\/\/chroniques-biennale.org\/wp-content\/uploads\/2024\/07\/Anne-Sophie-Turion-1.png 960w, https:\/\/chroniques-biennale.org\/wp-content\/uploads\/2024\/07\/Anne-Sophie-Turion-1.png 1920w\" \n                                          width=\"1920\" \n                     height=\"320\" \n                     alt=\"\" \n                     class=\"lazyload\" \/>\n                \n                         <\/div>\n            \n\n            <div class=\"eventInListInfosWrapper\">\n                <div class=\"eventInfosTop\">\n                    <h4 class=\"postTitle is-style-bulle\"><!--<sup>Theater - Le ZEF, studio du Merlan <\/sup>-->La m\u00eame chose mais pas tout \u00e0 fait pareille<\/h4>\n                    <p class=\"eventSubTitle is-style-bulle\">Anne-Sophie Turion<\/p>                    <!--<h5 class=\"eventDate\">Thu. Jan. 16, 2025<\/h5>-->\n                                    <\/div>\n                <div class=\"eventInfosBottom\">\n                                        <span class=\"eventType\">Theater - Le ZEF, studio du Merlan<\/span>\n                <\/div>\n            <\/div>\n            \n        <\/a>\n        \n<\/div><!-- postInList -->\n<\/div><\/div><\/div>\n<\/div>\n\n\n\n<div class=\"wp-block-group alignfull has-white-color has-violet-background-color has-text-color has-background has-link-color wp-elements-9072aca7e180a25fbfb896ecabe9a089 is-layout-flow wp-block-group-is-layout-flow\" id=\"aix\">\n<h3 class=\"wp-block-heading is-style-edge\">Aix-en-Provence<\/h3>\n\n\n\n<p><a href=\"https:\/\/chroniques-biennale.org\/agenda\/?from=2025-01-17&amp;type=&amp;ville=\">January 17 &amp; 18, 2025<\/a><\/p>\n\n\n<div class=\"eventsCarouselWrapper\"><div class=\" row\"><div class=\"eventWrapper col-md-4\"><div class=\"postInList eventInList\">\n\n    \n\n\t<a class=\"postThumbnailLink\" href=\"https:\/\/chroniques-biennale.org\/en\/event\/mire\/\"  >\n            <div class=\"postThumbnailWrapper\">\n                \n                                                                            <img data-src=\"https:\/\/chroniques-biennale.org\/wp-content\/uploads\/2024\/07\/PS_MIRE_\u00a9-Celine-Michel_01.jpg\" \n                     data-srcset=\"https:\/\/chroniques-biennale.org\/wp-content\/uploads\/2024\/07\/PS_MIRE_\u00a9-Celine-Michel_01.jpg 360w, https:\/\/chroniques-biennale.org\/wp-content\/uploads\/2024\/07\/PS_MIRE_\u00a9-Celine-Michel_01.jpg 960w, https:\/\/chroniques-biennale.org\/wp-content\/uploads\/2024\/07\/PS_MIRE_\u00a9-Celine-Michel_01.jpg 1920w\" \n                                          width=\"1920\" \n                     height=\"320\" \n                     alt=\"\" \n                     class=\"lazyload\" \/>\n                \n                         <\/div>\n            \n\n            <div class=\"eventInListInfosWrapper\">\n                <div class=\"eventInfosTop\">\n                    <h4 class=\"postTitle is-style-bulle\"><!--<sup>Choreographic installation - Th\u00e9\u00e2tre de l'Olivier \u00e0 L'Usine <\/sup>-->MIRE<\/h4>\n                    <p class=\"eventSubTitle is-style-bulle\">Jasmine Morand<\/p>                    <!--<h5 class=\"eventDate\">14 janvier 2025<\/h5>-->\n                                    <\/div>\n                <div class=\"eventInfosBottom\">\n                                        <span class=\"eventType\">Choreographic installation - Th\u00e9\u00e2tre de l'Olivier \u00e0 L'Usine<\/span>\n                <\/div>\n            <\/div>\n            \n        <\/a>\n        \n<\/div><!-- postInList -->\n<\/div><div class=\"eventWrapper col-md-4\"><div class=\"postInList eventInList\">\n\n    \n\n\t<a class=\"postThumbnailLink\" href=\"https:\/\/chroniques-biennale.org\/en\/event\/topeep-secret-box\/\"  >\n            <div class=\"postThumbnailWrapper\">\n                \n                                                                            <img data-src=\"https:\/\/chroniques-biennale.org\/wp-content\/uploads\/2024\/07\/3_TOPEEP-SECRET-BOX_small_captation-\u00a9Delgado-Fuchs.jpg\" \n                     data-srcset=\"https:\/\/chroniques-biennale.org\/wp-content\/uploads\/2024\/07\/3_TOPEEP-SECRET-BOX_small_captation-\u00a9Delgado-Fuchs.jpg 360w, https:\/\/chroniques-biennale.org\/wp-content\/uploads\/2024\/07\/3_TOPEEP-SECRET-BOX_small_captation-\u00a9Delgado-Fuchs.jpg 960w, https:\/\/chroniques-biennale.org\/wp-content\/uploads\/2024\/07\/3_TOPEEP-SECRET-BOX_small_captation-\u00a9Delgado-Fuchs.jpg 1920w\" \n                                          width=\"1920\" \n                     height=\"320\" \n                     alt=\"\" \n                     class=\"lazyload\" \/>\n                \n                         <\/div>\n            \n\n            <div class=\"eventInListInfosWrapper\">\n                <div class=\"eventInfosTop\">\n                    <h4 class=\"postTitle is-style-bulle\"><!--<sup>Immersive, choreographic experience - Pavillon Noir <\/sup>-->TOPEEP SECRET BOX<\/h4>\n                    <p class=\"eventSubTitle is-style-bulle\">Delgado-Fuchs<\/p>                    <!--<h5 class=\"eventDate\">January 17 to 18, 2025<\/h5>-->\n                                    <\/div>\n                <div class=\"eventInfosBottom\">\n                                        <span class=\"eventType\">Immersive, choreographic experience - Pavillon Noir<\/span>\n                <\/div>\n            <\/div>\n            \n        <\/a>\n        \n<\/div><!-- postInList -->\n<\/div><\/div><\/div>\n<\/div>\n","protected":false},"excerpt":{"rendered":"<p>Closing week The Biennial&#8217;s Closing Nights are dedicated to live performance, offering an opportunity to discover creations where the digital [&hellip;]<\/p>\n","protected":false},"author":1,"featured_media":26346,"parent":28953,"menu_order":3,"comment_status":"closed","ping_status":"closed","template":"","meta":{"footnotes":""},"class_list":["post-28990","page","type-page","status-publish","has-post-thumbnail","hentry","entry"],"_links":{"self":[{"href":"https:\/\/chroniques-biennale.org\/en\/wp-json\/wp\/v2\/pages\/28990","targetHints":{"allow":["GET"]}}],"collection":[{"href":"https:\/\/chroniques-biennale.org\/en\/wp-json\/wp\/v2\/pages"}],"about":[{"href":"https:\/\/chroniques-biennale.org\/en\/wp-json\/wp\/v2\/types\/page"}],"author":[{"embeddable":true,"href":"https:\/\/chroniques-biennale.org\/en\/wp-json\/wp\/v2\/users\/1"}],"replies":[{"embeddable":true,"href":"https:\/\/chroniques-biennale.org\/en\/wp-json\/wp\/v2\/comments?post=28990"}],"version-history":[{"count":5,"href":"https:\/\/chroniques-biennale.org\/en\/wp-json\/wp\/v2\/pages\/28990\/revisions"}],"predecessor-version":[{"id":29755,"href":"https:\/\/chroniques-biennale.org\/en\/wp-json\/wp\/v2\/pages\/28990\/revisions\/29755"}],"up":[{"embeddable":true,"href":"https:\/\/chroniques-biennale.org\/en\/wp-json\/wp\/v2\/pages\/28953"}],"wp:featuredmedia":[{"embeddable":true,"href":"https:\/\/chroniques-biennale.org\/en\/wp-json\/wp\/v2\/media\/26346"}],"wp:attachment":[{"href":"https:\/\/chroniques-biennale.org\/en\/wp-json\/wp\/v2\/media?parent=28990"}],"curies":[{"name":"wp","href":"https:\/\/api.w.org\/{rel}","templated":true}]}}