{"id":849,"date":"2020-07-02T12:34:57","date_gmt":"2020-07-02T10:34:57","guid":{"rendered":"\/?page_id=849"},"modified":"2024-09-27T17:07:23","modified_gmt":"2024-09-27T15:07:23","slug":"press","status":"publish","type":"page","link":"https:\/\/chroniques-biennale.org\/en\/press\/","title":{"rendered":"Press"},"content":{"rendered":"\n<div style=\"height:132px\" aria-hidden=\"true\" class=\"wp-block-spacer\"><\/div>\n\n<h2 class=\"wp-block-heading\">Cet espace est d\u00e9di\u00e9 aux professionnel\u00b7les des m\u00e9dias et de la presse et \u00e0 nos partenaires culturels<\/h2>\n\n<div style=\"height:29px\" aria-hidden=\"true\" class=\"wp-block-spacer\"><\/div>\n\n<p>Contact relations presse \/ communication : lea.muron@chroniques.org<\/p>\n\n<div class=\"wp-block-buttons is-layout-flex wp-block-buttons-is-layout-flex\">\n<div class=\"wp-block-button\"><a class=\"wp-block-button__link wp-element-button\" href=\"https:\/\/drive.google.com\/drive\/folders\/1_H8pB-GiyRw58ibbdaslNf_d0p85pKsp\">Communication kit<\/a><\/div>\n<\/div>\n\n<div style=\"height:67px\" aria-hidden=\"true\" class=\"wp-block-spacer\"><\/div>\n\n<figure class=\"wp-block-image size-large is-resized\"><img decoding=\"async\" src=\"https:\/\/chroniques.org\/wp-content\/uploads\/2024\/03\/logo-1500x238.png\" alt=\"\" class=\"wp-image-31274\" style=\"width:207px;height:auto\"\/><\/figure>\n\n<div class=\"wp-block-group is-style-default has-always-darker-color has-random-accent-background-color has-text-color has-background has-link-color wp-elements-3db1aeac2480f9bfcb093d8a685b3009 is-content-justification-left is-layout-constrained wp-container-core-group-is-layout-427c5fe0 wp-block-group-is-layout-constrained\" style=\"margin-top:0;margin-bottom:0;padding-top:var(--wp--preset--spacing--40);padding-right:var(--wp--preset--spacing--80);padding-bottom:var(--wp--preset--spacing--40);padding-left:var(--wp--preset--spacing--80)\">\n<p>Logo CHRONIQUES<\/p>\n\n\n\n<p class=\"has-small-font-size\">Logo <a href=\"https:\/\/drive.google.com\/file\/d\/1wyjSf9hWUUiZxVvOmsiamFDEQqenv6Hp\/view?usp=drive_link\" data-type=\"link\" data-id=\"https:\/\/drive.google.com\/file\/d\/1wyjSf9hWUUiZxVvOmsiamFDEQqenv6Hp\/view?usp=drive_link\" target=\"_blank\" rel=\"noreferrer noopener\">NOIR<\/a><\/p>\n\n\n\n<p class=\"has-small-font-size\">Logo <a href=\"https:\/\/drive.google.com\/file\/d\/1cmMED_2G27lvNZXK-O25HCJ8Dd5gvn7p\/view?usp=drive_link\" data-type=\"link\" data-id=\"https:\/\/drive.google.com\/file\/d\/1cmMED_2G27lvNZXK-O25HCJ8Dd5gvn7p\/view?usp=drive_link\" target=\"_blank\" rel=\"noreferrer noopener\">BLANC<\/a><\/p>\n\n\n\n<p class=\"has-small-font-size\">Logo <a href=\"https:\/\/drive.google.com\/file\/d\/1QbjkDRvO4n0NljrmPuJqXd9diRUpR4zW\/view?usp=drive_link\" data-type=\"link\" data-id=\"https:\/\/drive.google.com\/file\/d\/1QbjkDRvO4n0NljrmPuJqXd9diRUpR4zW\/view?usp=drive_link\" target=\"_blank\" rel=\"noreferrer noopener\">ROSE<\/a><\/p>\n\n\n\n<p class=\"has-small-font-size\">Logo <a href=\"https:\/\/drive.google.com\/file\/d\/1yZQGlYx11ZdmNR99HYZ16GYwZHChqgxx\/view?usp=drive_link\" data-type=\"link\" data-id=\"https:\/\/drive.google.com\/file\/d\/1yZQGlYx11ZdmNR99HYZ16GYwZHChqgxx\/view?usp=drive_link\" target=\"_blank\" rel=\"noreferrer noopener\">VERT<\/a><\/p>\n\n\n\n<p class=\"has-small-font-size\">Logo <a href=\"https:\/\/drive.google.com\/file\/d\/1514Ic1rhNPLuWoFsT1zsn4TETIBTSh2h\/view?usp=drive_link\" data-type=\"link\" data-id=\"https:\/\/drive.google.com\/file\/d\/1514Ic1rhNPLuWoFsT1zsn4TETIBTSh2h\/view?usp=drive_link\" target=\"_blank\" rel=\"noreferrer noopener\">JAUNE<\/a><\/p>\n\n\n\n<p class=\"has-small-font-size\">Logo <a href=\"https:\/\/drive.google.com\/file\/d\/1FoGfqROKUGaI8RynAlquKWel6RQUV9IZ\/view?usp=drive_link\" data-type=\"link\" data-id=\"https:\/\/drive.google.com\/file\/d\/1FoGfqROKUGaI8RynAlquKWel6RQUV9IZ\/view?usp=drive_link\" target=\"_blank\" rel=\"noreferrer noopener\">BLEU<\/a><\/p>\n\n\n\n<p class=\"has-small-font-size\">Logo <a href=\"https:\/\/drive.google.com\/file\/d\/1NFADdmCWyScUkADkM8TKShdwBq-b8cle\/view?usp=drive_link\" data-type=\"link\" data-id=\"https:\/\/drive.google.com\/file\/d\/1NFADdmCWyScUkADkM8TKShdwBq-b8cle\/view?usp=drive_link\" target=\"_blank\" rel=\"noreferrer noopener\">FORMAT ILLUSTRATOR<\/a><\/p>\n<\/div>\n\n<div style=\"height:67px\" aria-hidden=\"true\" id=\"bin\" class=\"wp-block-spacer\"><\/div>\n\n<figure class=\"wp-block-image size-large is-resized\"><img decoding=\"async\" src=\"https:\/\/chroniques.org\/wp-content\/uploads\/2024\/03\/CN_BIN-noir-1500x484.png\" alt=\"\" class=\"wp-image-31276\" style=\"width:209px;height:auto\"\/><\/figure>\n\n<div class=\"wp-block-group is-style-default has-always-darker-color has-random-accent-background-color has-text-color has-background has-link-color wp-elements-b1dfa32882b2f151bfac62916534be10 is-content-justification-left is-layout-constrained wp-container-core-group-is-layout-427c5fe0 wp-block-group-is-layout-constrained\" style=\"margin-top:0;margin-bottom:0;padding-top:var(--wp--preset--spacing--40);padding-right:var(--wp--preset--spacing--80);padding-bottom:var(--wp--preset--spacing--40);padding-left:var(--wp--preset--spacing--80)\">\n<p>Logo Biennale des Imaginaires Num\u00e9riques<\/p>\n\n\n\n<p><\/p>\n\n\n\n<p class=\"has-small-font-size\">Logo <a href=\"https:\/\/drive.google.com\/file\/d\/1m-GriY_S4DZ9eAWks5nCnA2VI2VsnA5H\/view?usp=share_link\" data-type=\"link\" data-id=\"https:\/\/drive.google.com\/file\/d\/1wyjSf9hWUUiZxVvOmsiamFDEQqenv6Hp\/view?usp=drive_link\" target=\"_blank\" rel=\"noreferrer noopener\">NOIR<\/a><\/p>\n\n\n\n<p class=\"has-small-font-size\">Logo <a href=\"https:\/\/drive.google.com\/file\/d\/1wONyK89CMHUNBdazZ6YhqXrY0fiCjt1I\/view?usp=share_link\" data-type=\"link\" data-id=\"https:\/\/drive.google.com\/file\/d\/1cmMED_2G27lvNZXK-O25HCJ8Dd5gvn7p\/view?usp=drive_link\" target=\"_blank\" rel=\"noreferrer noopener\">BLANC<\/a><\/p>\n\n\n\n<p class=\"has-small-font-size\">Logo <a href=\"https:\/\/drive.google.com\/file\/d\/1X8MK8u824JdYrgZEYHzYvQmM4QOkKsql\/view?usp=share_link\" data-type=\"link\" data-id=\"https:\/\/drive.google.com\/file\/d\/1QbjkDRvO4n0NljrmPuJqXd9diRUpR4zW\/view?usp=drive_link\" target=\"_blank\" rel=\"noreferrer noopener\">ROSE<\/a><\/p>\n\n\n\n<p class=\"has-small-font-size\">Logo <a href=\"https:\/\/drive.google.com\/file\/d\/1TXx_56__wcwkPheJKeymQxfUW-VvfHbS\/view?usp=share_link\" data-type=\"link\" data-id=\"https:\/\/drive.google.com\/file\/d\/1yZQGlYx11ZdmNR99HYZ16GYwZHChqgxx\/view?usp=drive_link\" target=\"_blank\" rel=\"noreferrer noopener\">VERT<\/a><\/p>\n\n\n\n<p class=\"has-small-font-size\">Logo <a href=\"https:\/\/drive.google.com\/file\/d\/1WIiJ18j_gbD7ccIKUoRkUmIhbuVj5X99\/view?usp=drive_link\">JAUNE<\/a><\/p>\n\n\n\n<p class=\"has-small-font-size\">Logo <a href=\"https:\/\/drive.google.com\/file\/d\/1LgYmeZ7ujo1f7Lj9nbBh5eJ2I6R0y2qr\/view?usp=share_link\" data-type=\"link\" data-id=\"https:\/\/drive.google.com\/file\/d\/1FoGfqROKUGaI8RynAlquKWel6RQUV9IZ\/view?usp=drive_link\" target=\"_blank\" rel=\"noreferrer noopener\">BLEU<\/a><\/p>\n\n\n\n<p class=\"has-small-font-size\">Logo <a href=\"https:\/\/drive.google.com\/file\/d\/1NFADdmCWyScUkADkM8TKShdwBq-b8cle\/view?usp=drive_link\" data-type=\"link\" data-id=\"https:\/\/drive.google.com\/file\/d\/1NFADdmCWyScUkADkM8TKShdwBq-b8cle\/view?usp=drive_link\" target=\"_blank\" rel=\"noreferrer noopener\">FORMAT ILLUSTRATOR<\/a><\/p>\n<\/div>\n\n<div style=\"height:67px\" aria-hidden=\"true\" id=\"bin\" class=\"wp-block-spacer\"><\/div>\n\n<div class=\"wp-block-group is-style-default has-always-darker-color has-random-accent-background-color has-text-color has-background has-link-color wp-elements-1200506234a12a0856f093be3a1500c9 is-content-justification-left is-layout-constrained wp-container-core-group-is-layout-427c5fe0 wp-block-group-is-layout-constrained\" style=\"margin-top:0;margin-bottom:0;padding-top:var(--wp--preset--spacing--40);padding-right:var(--wp--preset--spacing--80);padding-bottom:var(--wp--preset--spacing--40);padding-left:var(--wp--preset--spacing--80)\">\n<p>Affiche Biennale 2024<\/p>\n\n\n\n<p class=\"has-small-font-size\"><\/p>\n\n\n\n<div class=\"wp-block-columns is-layout-flex wp-container-core-columns-is-layout-28f84493 wp-block-columns-is-layout-flex\">\n<div class=\"wp-block-column is-layout-flow wp-block-column-is-layout-flow\">\n<p class=\"has-small-font-size\">Format <a href=\"https:\/\/drive.google.com\/file\/d\/1mM9yKBhQnRATBbqd3GF095aOqAald0oS\/view?usp=sharing\">VERTICAL<\/a><\/p>\n\n\n\n<p class=\"has-small-font-size\">Format <a href=\"https:\/\/drive.google.com\/file\/d\/1uiXGmOlA6e_fKsGjJFLH-DAdFjjFr2iO\/view?usp=sharing\">HORIZONTAL<\/a><\/p>\n\n\n\n<p class=\"has-small-font-size\">Format <a href=\"https:\/\/drive.google.com\/file\/d\/1WvaNRWZkwvQTILdTGu2kn1Qdd5Llv9_F\/view?usp=share_link\">CARR\u00c9<\/a><\/p>\n\n\n\n<p class=\"has-small-font-size\">Format <a href=\"https:\/\/drive.google.com\/file\/d\/16b8K9SNRg18Rtebdmw3Gqv7TBqMFlZmB\/view?usp=sharing\">ANIM\u00c9<\/a><\/p>\n<\/div>\n\n\n\n<div class=\"wp-block-column is-layout-flow wp-block-column-is-layout-flow\">\n<figure class=\"wp-block-image size-large\"><img decoding=\"async\" src=\"https:\/\/chroniques.org\/wp-content\/uploads\/2024\/05\/AFFICHE-BIENNALE-40x601-1-1000x1500.jpg\" alt=\"\" class=\"wp-image-31555\"\/><\/figure>\n<\/div>\n<\/div>\n<\/div>\n\n<div style=\"height:72px\" aria-hidden=\"true\" class=\"wp-block-spacer\"><\/div>\n\n<h3 class=\"wp-block-heading\">Mentions obligatoires : <\/h3>\n\n<p><br\/>Pour toutes les activit\u00e9s et partenariats concernant la biennale, mentionner &#8221; <strong>CHRONIQUES &#8211; Biennale des Imaginaires Num\u00e9riques 2024<\/strong> &#8220;<br\/>Sinon, mentionner &#8221; <strong>CHRONIQUES<\/strong> &#8220;<\/p>\n\n<div style=\"height:56px\" aria-hidden=\"true\" class=\"wp-block-spacer\"><\/div>\n\n<h3 class=\"wp-block-heading\">Textes de pr\u00e9sentation : <\/h3>\n\n<p><br\/><strong>Biennale des Imaginaires Num\u00e9riques<\/strong><\/p>\n\n<p>Cr\u00e9\u00e9e en 2018 et organis\u00e9e par CHRONIQUES &#8211; la Biennale des Imaginaires Num\u00e9riques est le temps fort des arts et cultures num\u00e9riques de la r\u00e9gion Sud.<br\/>En explorant les arts visuels, les arts sonores et le spectacle vivant, la Biennale s\u2019int\u00e9resse \u00e0 la pr\u00e9sence et l\u2019usage du digital et des nouvelles technologies dans l\u2019art, investit l\u2019espace public et donne la parole aux artistes nationaux\u00b7ales et internationaux\u00b7ales d\u2019horizons diff\u00e9rents.<br\/><\/p>\n\n<p>Apr\u00e8s avoir r\u00e9uni plus de 98 000 visiteur\u00b7ices lors de sa troisi\u00e8me \u00e9dition, la Biennale des Imaginaires Num\u00e9riques abordera cette ann\u00e9e la th\u00e9matique du <a href=\"https:\/\/chroniques.org\/rendez-vous\/biennale-2024\/\" data-type=\"link\" data-id=\"https:\/\/chroniques.org\/rendez-vous\/biennale-2024\/\" target=\"_blank\" rel=\"noreferrer noopener\">Plaisir<\/a> et sera inaugur\u00e9e les 7, 8 et 9 novembre 2024 \u00e0 Aix-en-Provence, Marseille, Avignon et sur le territoire de la R\u00e9gion PACA.\u00a0<\/p>\n\n<div style=\"height:100px\" aria-hidden=\"true\" class=\"wp-block-spacer\"><\/div>\n\n<p><strong>CHRONIQUES <\/strong><\/p>\n\n<p>Con\u00e7u dans le contraste et la diversit\u00e9 d\u2019une double identit\u00e9 marseillaise et aixoise, CHRONIQUES est, aujourd\u2019hui, un rendez-vous artistique international reconnu mais aussi une organisation humaine dont l\u2019obsession n\u2019a pas chang\u00e9 depuis plus de 20 ans : la recherche de nouvelles esth\u00e9tiques et imaginaires qui \u00e9clairent l\u2019ambivalence de notre rapport aux technologies. <br\/>CHRONIQUES organise notamment la Biennale des Imaginaires Num\u00e9riques, ainsi que des rendez-vous avec le public (expositions, rencontres, actions de m\u00e9diation) et des activit\u00e9s de formation pour d\u00e9crypter les dessous de la soci\u00e9t\u00e9 digitale. Enfin, CHRONIQUES est \u00e9galement une plateforme pour la production d&#8217;\u0153uvres originales, ainsi que pour la mise en r\u00e9seau et le soutien mutuel autour de la production, de la distribution et de la reconnaissance des arts hybrides et num\u00e9riques.<\/p>\n\n<p><a href=\"https:\/\/chroniques.org\/qui-sommes-nous\/\" data-type=\"link\" data-id=\"https:\/\/chroniques.org\/qui-sommes-nous\/\">Plus d&#8217;informations<\/a><\/p>\n\n<div style=\"height:100px\" aria-hidden=\"true\" class=\"wp-block-spacer\"><\/div>\n\n<div class=\"wp-block-buttons is-layout-flex wp-block-buttons-is-layout-flex\">\n<div class=\"wp-block-button\"><a class=\"wp-block-button__link wp-element-button\" href=\"https:\/\/chroniques.org\/?p=31488\">T\u00e9l\u00e9charger les photos de l&#8217;\u00e9dition 2022<\/a><\/div>\n<\/div>\n\n<div style=\"height:100px\" aria-hidden=\"true\" class=\"wp-block-spacer\"><\/div>\n\n<h2 class=\"wp-block-heading\">Nos r\u00e9seaux sociaux <\/h2>\n<div class=\"socialLinks\"><ul><li class=\"socialLinkInstagram\"><a href=\"https:\/\/www.instagram.com\/biennalechroniques\/\" target=\"_blank\" class=\"iconLink\"><svg xmlns=\"http:\/\/www.w3.org\/2000\/svg\" width=\"24\" height=\"24\" viewBox=\"0 0 24 24\"><path fill=\"currentColor\" d=\"M7.8 2h8.4C19.4 2 22 4.6 22 7.8v8.4a5.8 5.8 0 0 1-5.8 5.8H7.8C4.6 22 2 19.4 2 16.2V7.8A5.8 5.8 0 0 1 7.8 2m-.2 2A3.6 3.6 0 0 0 4 7.6v8.8C4 18.39 5.61 20 7.6 20h8.8a3.6 3.6 0 0 0 3.6-3.6V7.6C20 5.61 18.39 4 16.4 4H7.6m9.65 1.5a1.25 1.25 0 0 1 1.25 1.25A1.25 1.25 0 0 1 17.25 8A1.25 1.25 0 0 1 16 6.75a1.25 1.25 0 0 1 1.25-1.25M12 7a5 5 0 0 1 5 5a5 5 0 0 1-5 5a5 5 0 0 1-5-5a5 5 0 0 1 5-5m0 2a3 3 0 0 0-3 3a3 3 0 0 0 3 3a3 3 0 0 0 3-3a3 3 0 0 0-3-3Z\"\/><\/svg><\/a><\/li><li class=\"socialLinkLinkedIn\"><a href=\"https:\/\/fr.linkedin.com\/organization-guest\/company\/chronique-s\" target=\"_blank\" class=\"iconLink\"><svg xmlns=\"http:\/\/www.w3.org\/2000\/svg\" width=\"24\" height=\"24\" viewBox=\"0 0 24 24\"><path fill=\"currentColor\" d=\"M19 3a2 2 0 0 1 2 2v14a2 2 0 0 1-2 2H5a2 2 0 0 1-2-2V5a2 2 0 0 1 2-2h14m-.5 15.5v-5.3a3.26 3.26 0 0 0-3.26-3.26c-.85 0-1.84.52-2.32 1.3v-1.11h-2.79v8.37h2.79v-4.93c0-.77.62-1.4 1.39-1.4a1.4 1.4 0 0 1 1.4 1.4v4.93h2.79M6.88 8.56a1.68 1.68 0 0 0 1.68-1.68c0-.93-.75-1.69-1.68-1.69a1.69 1.69 0 0 0-1.69 1.69c0 .93.76 1.68 1.69 1.68m1.39 9.94v-8.37H5.5v8.37h2.77Z\"\/><\/svg><\/a><\/li><li class=\"socialLinkFacebook\"><a href=\"https:\/\/www.facebook.com\/BiennaleChroniques\/\" target=\"_blank\" class=\"iconLink\"><svg xmlns=\"http:\/\/www.w3.org\/2000\/svg\" width=\"24\" height=\"24\" viewBox=\"0 0 24 24\"><path fill=\"currentColor\" d=\"M22 12c0-5.52-4.48-10-10-10S2 6.48 2 12c0 4.84 3.44 8.87 8 9.8V15H8v-3h2V9.5C10 7.57 11.57 6 13.5 6H16v3h-2c-.55 0-1 .45-1 1v2h3v3h-3v6.95c5.05-.5 9-4.76 9-9.95\"\/><\/svg><\/a><\/li><li class=\"socialLinkYoutube\"><a href=\"https:\/\/www.youtube.com\/channel\/UC_szH0BJJU0HkjYUVjLtnsA\" target=\"_blank\" class=\"iconLink\"><svg xmlns=\"http:\/\/www.w3.org\/2000\/svg\" width=\"24\" height=\"24\" viewBox=\"0 0 24 24\"><path fill=\"currentColor\" d=\"m10 15l5.19-3L10 9zm11.56-7.83c.13.47.22 1.1.28 1.9c.07.8.1 1.49.1 2.09L22 12c0 2.19-.16 3.8-.44 4.83c-.25.9-.83 1.48-1.73 1.73c-.47.13-1.33.22-2.65.28c-1.3.07-2.49.1-3.59.1L12 19c-4.19 0-6.8-.16-7.83-.44c-.9-.25-1.48-.83-1.73-1.73c-.13-.47-.22-1.1-.28-1.9c-.07-.8-.1-1.49-.1-2.09L2 12c0-2.19.16-3.8.44-4.83c.25-.9.83-1.48 1.73-1.73c.47-.13 1.33-.22 2.65-.28c1.3-.07 2.49-.1 3.59-.1L12 5c4.19 0 6.8.16 7.83.44c.9.25 1.48.83 1.73 1.73\"\/><\/svg><\/a><\/li><li class=\"socialLinkTwitter\"><a href=\"https:\/\/twitter.com\/Chronique_s\" target=\"_blank\" class=\"iconLink\"><svg xmlns=\"http:\/\/www.w3.org\/2000\/svg\" width=\"24\" height=\"24\" viewBox=\"0 0 24 24\"><path fill=\"currentColor\" d=\"M18.205 2.25h3.308l-7.227 8.26l8.502 11.24H16.13l-5.214-6.817L4.95 21.75H1.64l7.73-8.835L1.215 2.25H8.04l4.713 6.231zm-1.161 17.52h1.833L7.045 4.126H5.078z\"\/><\/svg><\/a><\/li><\/ul><\/div>\n\n<div class=\"wp-block-columns hide is-layout-flex wp-container-core-columns-is-layout-28f84493 wp-block-columns-is-layout-flex\">\n<div class=\"wp-block-column is-layout-flow wp-block-column-is-layout-flow\">\n<figure class=\"wp-block-image size-large is-resized\"><img decoding=\"async\" src=\"https:\/\/chroniques.org\/wp-content\/uploads\/2024\/01\/5ecec78673e4440004f09e77-1-1500x1500.png\" alt=\"\" class=\"wp-image-29803\" style=\"width:52px;height:auto\"\/><\/figure>\n<\/div>\n\n\n\n<div class=\"wp-block-column is-layout-flow wp-block-column-is-layout-flow\">\n<figure class=\"wp-block-image size-full is-resized\"><img decoding=\"async\" src=\"https:\/\/chroniques.org\/wp-content\/uploads\/2024\/01\/61109-1.png\" alt=\"\" class=\"wp-image-29805\" style=\"width:51px;height:auto\"\/><\/figure>\n<\/div>\n\n\n\n<div class=\"wp-block-column is-layout-flow wp-block-column-is-layout-flow\">\n<figure class=\"wp-block-image size-full is-resized\"><img decoding=\"async\" src=\"https:\/\/chroniques.org\/wp-content\/uploads\/2024\/01\/facebook-logo-noir-png-2-1.png\" alt=\"\" class=\"wp-image-29807\" style=\"width:139px;height:auto\"\/><\/figure>\n<\/div>\n<\/div>\n\n<div style=\"height:100px\" aria-hidden=\"true\" class=\"wp-block-spacer\"><\/div>\n","protected":false},"excerpt":{"rendered":"<p>Notre Espace Presse, ressources, t\u00e9l\u00e9chargements, media kit&#8230;<\/p>\n","protected":false},"author":1,"featured_media":0,"parent":0,"menu_order":13,"comment_status":"closed","ping_status":"closed","template":"","meta":{"footnotes":""},"class_list":["post-849","page","type-page","status-publish","hentry","entry"],"_links":{"self":[{"href":"https:\/\/chroniques-biennale.org\/en\/wp-json\/wp\/v2\/pages\/849","targetHints":{"allow":["GET"]}}],"collection":[{"href":"https:\/\/chroniques-biennale.org\/en\/wp-json\/wp\/v2\/pages"}],"about":[{"href":"https:\/\/chroniques-biennale.org\/en\/wp-json\/wp\/v2\/types\/page"}],"author":[{"embeddable":true,"href":"https:\/\/chroniques-biennale.org\/en\/wp-json\/wp\/v2\/users\/1"}],"replies":[{"embeddable":true,"href":"https:\/\/chroniques-biennale.org\/en\/wp-json\/wp\/v2\/comments?post=849"}],"version-history":[{"count":3,"href":"https:\/\/chroniques-biennale.org\/en\/wp-json\/wp\/v2\/pages\/849\/revisions"}],"predecessor-version":[{"id":29999,"href":"https:\/\/chroniques-biennale.org\/en\/wp-json\/wp\/v2\/pages\/849\/revisions\/29999"}],"wp:attachment":[{"href":"https:\/\/chroniques-biennale.org\/en\/wp-json\/wp\/v2\/media?parent=849"}],"curies":[{"name":"wp","href":"https:\/\/api.w.org\/{rel}","templated":true}]}}